{"id":424,"date":"2022-06-20T10:45:26","date_gmt":"2022-06-20T15:45:26","guid":{"rendered":"http:\/\/keensinsagency.three.zysites.com\/about-us\/"},"modified":"2023-09-20T15:08:55","modified_gmt":"2023-09-20T20:08:55","slug":"about-us","status":"publish","type":"page","link":"https:\/\/www.keensinsuranceagency.com\/es\/about-us\/","title":{"rendered":"Sobre nosotras"},"content":{"rendered":"<p>La agencia de seguros Keens es una agencia de seguros biling\u00fce de servicio completo.<\/p>\n<p>Nuestra agencia ha estado prestando servicios en Prince William y los condados circundantes desde 1980.<\/p>\n<p>Nos especializamos en:<\/p>\n<ul>\n<li>Autom\u00e1tico personal<\/li>\n<li>Veh\u00edculos comerciales (peque\u00f1os o grandes)<\/li>\n<li>Motocicleta<\/li>\n<li>Inicio<\/li>\n<li>Seguro para inquilinos<\/li>\n<li>Responsabilidad General Comercial<\/li>\n<li>Compensaci\u00f3n para trabajadores<\/li>\n<\/ul>\n<p>Todos nuestros empleados son agentes de seguros autorizados. Cuando nos compra, sabe que est\u00e1 trabajando con agentes que entienden de seguros y pueden resolver sus problemas de seguros.<\/p>\n","protected":false},"excerpt":{"rendered":"<p>La agencia de seguros Keens es una agencia de seguros biling\u00fce de servicio completo. Nuestra agencia ha estado prestando servicios en Prince William y los condados circundantes desde 1980. Nos especializamos en: Autom\u00e1tico personal Veh\u00edculos comerciales (peque\u00f1os o grandes) Motocicleta Inicio Seguro para inquilinos Responsabilidad General Comercial Compensaci\u00f3n para trabajadores Todos nuestros empleados son agentes [&hellip;]<\/p>\n","protected":false},"author":35,"featured_media":0,"parent":0,"menu_order":0,"comment_status":"closed","ping_status":"closed","template":"","meta":{"_acf_changed":false,"_seopress_robots_primary_cat":null,"_seopress_titles_title":"","_seopress_titles_desc":"","_seopress_robots_index":"","_analytify_skip_tracking":false,"footnotes":""},"class_list":["post-424","page","type-page","status-publish","hentry"],"acf":[],"_links":{"self":[{"href":"https:\/\/www.keensinsuranceagency.com\/es\/wp-json\/wp\/v2\/pages\/424","targetHints":{"allow":["GET"]}}],"collection":[{"href":"https:\/\/www.keensinsuranceagency.com\/es\/wp-json\/wp\/v2\/pages"}],"about":[{"href":"https:\/\/www.keensinsuranceagency.com\/es\/wp-json\/wp\/v2\/types\/page"}],"author":[{"embeddable":true,"href":"https:\/\/www.keensinsuranceagency.com\/es\/wp-json\/wp\/v2\/users\/35"}],"replies":[{"embeddable":true,"href":"https:\/\/www.keensinsuranceagency.com\/es\/wp-json\/wp\/v2\/comments?post=424"}],"version-history":[{"count":0,"href":"https:\/\/www.keensinsuranceagency.com\/es\/wp-json\/wp\/v2\/pages\/424\/revisions"}],"wp:attachment":[{"href":"https:\/\/www.keensinsuranceagency.com\/es\/wp-json\/wp\/v2\/media?parent=424"}],"curies":[{"name":"wp","href":"https:\/\/api.w.org\/{rel}","templated":true}]}}